{"id":5958,"date":"2025-03-02T00:42:40","date_gmt":"2025-03-02T00:42:40","guid":{"rendered":"https:\/\/de.eurolatino.eu\/?page_id=5958"},"modified":"2026-04-19T22:11:42","modified_gmt":"2026-04-19T22:11:42","slug":"unsere-betsellers","status":"publish","type":"page","link":"https:\/\/de.eurolatino.eu\/?page_id=5958","title":{"rendered":"UNSERE BETSELLERS"},"content":{"rendered":"\t\t<div data-elementor-type=\"wp-page\" data-elementor-id=\"5958\" class=\"elementor elementor-5958\" data-elementor-post-type=\"page\">\n\t\t\t\t\t\t<section class=\"elementor-section elementor-top-section elementor-element elementor-element-124b01e elementor-section-boxed elementor-section-height-default elementor-section-height-default\" data-id=\"124b01e\" data-element_type=\"section\" data-e-type=\"section\">\n\t\t\t\t\t\t<div class=\"elementor-container elementor-column-gap-default\">\n\t\t\t\t\t<div class=\"elementor-column elementor-col-100 elementor-top-column elementor-element elementor-element-6cebc6a\" data-id=\"6cebc6a\" data-element_type=\"column\" data-e-type=\"column\">\n\t\t\t<div class=\"elementor-widget-wrap elementor-element-populated\">\n\t\t\t\t\t\t<div class=\"elementor-element elementor-element-14137fb elementor-widget elementor-widget-heading\" data-id=\"14137fb\" data-element_type=\"widget\" data-e-type=\"widget\" data-widget_type=\"heading.default\">\n\t\t\t\t<div class=\"elementor-widget-container\">\n\t\t\t\t\t<h2 class=\"elementor-heading-title elementor-size-default\">BEST-SELLERS  2026<\/h2>\t\t\t\t<\/div>\n\t\t\t\t<\/div>\n\t\t\t\t\t<\/div>\n\t\t<\/div>\n\t\t\t\t\t<\/div>\n\t\t<\/section>\n\t\t<div class=\"elementor-element elementor-element-d327f35 e-flex e-con-boxed e-con e-parent\" data-id=\"d327f35\" data-element_type=\"container\" data-e-type=\"container\">\n\t\t\t\t\t<div class=\"e-con-inner\">\n\t\t<div class=\"elementor-element elementor-element-cbf6577 e-con-full e-flex e-con e-child\" data-id=\"cbf6577\" data-element_type=\"container\" data-e-type=\"container\">\n\t\t\t\t<div class=\"elementor-element elementor-element-3754fc5 elementor-widget elementor-widget-image\" data-id=\"3754fc5\" data-element_type=\"widget\" data-e-type=\"widget\" data-widget_type=\"image.default\">\n\t\t\t\t<div class=\"elementor-widget-container\">\n\t\t\t\t\t\t\t\t\t\t\t\t<figure class=\"wp-caption\">\n\t\t\t\t\t\t\t\t\t\t\t<a href=\"https:\/\/de.eurolatino.eu\/wp-content\/uploads\/2026\/04\/2661-EUD-ENGLAND-SCOTLAND-TOUR.pdf\">\n\t\t\t\t\t\t\t<img fetchpriority=\"high\" decoding=\"async\" width=\"1024\" height=\"681\" src=\"https:\/\/de.eurolatino.eu\/wp-content\/uploads\/2022\/06\/2016.03.29-London-Tower-Bridge-12-1024x681.jpg\" class=\"attachment-large size-large wp-image-2417\" alt=\"\" srcset=\"https:\/\/de.eurolatino.eu\/wp-content\/uploads\/2022\/06\/2016.03.29-London-Tower-Bridge-12-1024x681.jpg 1024w, https:\/\/de.eurolatino.eu\/wp-content\/uploads\/2022\/06\/2016.03.29-London-Tower-Bridge-12-300x200.jpg 300w, https:\/\/de.eurolatino.eu\/wp-content\/uploads\/2022\/06\/2016.03.29-London-Tower-Bridge-12-150x100.jpg 150w, https:\/\/de.eurolatino.eu\/wp-content\/uploads\/2022\/06\/2016.03.29-London-Tower-Bridge-12-768x511.jpg 768w, https:\/\/de.eurolatino.eu\/wp-content\/uploads\/2022\/06\/2016.03.29-London-Tower-Bridge-12-1536x1022.jpg 1536w, https:\/\/de.eurolatino.eu\/wp-content\/uploads\/2022\/06\/2016.03.29-London-Tower-Bridge-12-2048x1363.jpg 2048w, https:\/\/de.eurolatino.eu\/wp-content\/uploads\/2022\/06\/2016.03.29-London-Tower-Bridge-12-800x532.jpg 800w\" sizes=\"(max-width: 1024px) 100vw, 1024px\" \/>\t\t\t\t\t\t\t\t<\/a>\n\t\t\t\t\t\t\t\t\t\t\t<figcaption class=\"widget-image-caption wp-caption-text\">DIE ENGLAND - SCHOTTLAND TOUR 09 Tage \/ 08 N\u00e4chte<\/figcaption>\n\t\t\t\t\t\t\t\t\t\t<\/figure>\n\t\t\t\t\t\t\t\t\t<\/div>\n\t\t\t\t<\/div>\n\t\t\t\t<\/div>\n\t\t<div class=\"elementor-element elementor-element-c7cb36a e-con-full e-flex e-con e-child\" data-id=\"c7cb36a\" data-element_type=\"container\" data-e-type=\"container\">\n\t\t\t\t<div class=\"elementor-element elementor-element-43b4f54 elementor-widget elementor-widget-image\" data-id=\"43b4f54\" data-element_type=\"widget\" data-e-type=\"widget\" data-widget_type=\"image.default\">\n\t\t\t\t<div class=\"elementor-widget-container\">\n\t\t\t\t\t\t\t\t\t\t\t\t<figure class=\"wp-caption\">\n\t\t\t\t\t\t\t\t\t\t\t<a href=\"https:\/\/de.eurolatino.eu\/wp-content\/uploads\/2026\/04\/2647-EUE-MAGIC-OF-GREECE.pdf\">\n\t\t\t\t\t\t\t<img decoding=\"async\" width=\"573\" height=\"366\" src=\"https:\/\/de.eurolatino.eu\/wp-content\/uploads\/2021\/05\/Bild1.jpggrecia.jpg\" class=\"attachment-large size-large wp-image-88\" alt=\"\" srcset=\"https:\/\/de.eurolatino.eu\/wp-content\/uploads\/2021\/05\/Bild1.jpggrecia.jpg 573w, https:\/\/de.eurolatino.eu\/wp-content\/uploads\/2021\/05\/Bild1.jpggrecia-300x192.jpg 300w\" sizes=\"(max-width: 573px) 100vw, 573px\" \/>\t\t\t\t\t\t\t\t<\/a>\n\t\t\t\t\t\t\t\t\t\t\t<figcaption class=\"widget-image-caption wp-caption-text\">GRIECHENLAND F\u00dcR KOSMOPOLITE<br>11 Tage - 10 N\u00e4chte<\/figcaption>\n\t\t\t\t\t\t\t\t\t\t<\/figure>\n\t\t\t\t\t\t\t\t\t<\/div>\n\t\t\t\t<\/div>\n\t\t\t\t<\/div>\n\t\t<div class=\"elementor-element elementor-element-24e0388 e-con-full e-flex e-con e-child\" data-id=\"24e0388\" data-element_type=\"container\" data-e-type=\"container\">\n\t\t\t\t<div class=\"elementor-element elementor-element-2da5f2e elementor-widget elementor-widget-image\" data-id=\"2da5f2e\" data-element_type=\"widget\" data-e-type=\"widget\" data-widget_type=\"image.default\">\n\t\t\t\t<div class=\"elementor-widget-container\">\n\t\t\t\t\t\t\t\t\t\t\t\t<figure class=\"wp-caption\">\n\t\t\t\t\t\t\t\t\t\t\t<a href=\"\">\n\t\t\t\t\t\t\t<img decoding=\"async\" width=\"575\" height=\"350\" src=\"https:\/\/de.eurolatino.eu\/wp-content\/uploads\/2026\/04\/ISTANBUL2.jpg\" class=\"attachment-large size-large wp-image-7950\" alt=\"\" srcset=\"https:\/\/de.eurolatino.eu\/wp-content\/uploads\/2026\/04\/ISTANBUL2.jpg 575w, https:\/\/de.eurolatino.eu\/wp-content\/uploads\/2026\/04\/ISTANBUL2-300x183.jpg 300w, https:\/\/de.eurolatino.eu\/wp-content\/uploads\/2026\/04\/ISTANBUL2-150x91.jpg 150w\" sizes=\"(max-width: 575px) 100vw, 575px\" \/>\t\t\t\t\t\t\t\t<\/a>\n\t\t\t\t\t\t\t\t\t\t\t<figcaption class=\"widget-image-caption wp-caption-text\">SCH\u00c4TZE DER T\u00dcRKEI<br> 12 Tage \/  11 N\u00e4chte<\/figcaption>\n\t\t\t\t\t\t\t\t\t\t<\/figure>\n\t\t\t\t\t\t\t\t\t<\/div>\n\t\t\t\t<\/div>\n\t\t\t\t<\/div>\n\t\t<div class=\"elementor-element elementor-element-ad230ee e-con-full e-flex e-con e-child\" data-id=\"ad230ee\" data-element_type=\"container\" data-e-type=\"container\">\n\t\t\t\t<div class=\"elementor-element elementor-element-a2b0fe2 elementor-widget elementor-widget-image\" data-id=\"a2b0fe2\" data-element_type=\"widget\" data-e-type=\"widget\" data-widget_type=\"image.default\">\n\t\t\t\t<div class=\"elementor-widget-container\">\n\t\t\t\t\t\t\t\t\t\t\t\t<figure class=\"wp-caption\">\n\t\t\t\t\t\t\t\t\t\t\t<a href=\"https:\/\/de.eurolatino.eu\/wp-content\/uploads\/2026\/04\/SAD-2667-LUXURY-ANDES-Peru-Bolivia-Chile-Deutsch.pdf\">\n\t\t\t\t\t\t\t<img loading=\"lazy\" decoding=\"async\" width=\"1024\" height=\"682\" src=\"https:\/\/de.eurolatino.eu\/wp-content\/uploads\/2025\/03\/DOMOS-4-1-1024x682.jpg\" class=\"attachment-large size-large wp-image-6369\" alt=\"\" srcset=\"https:\/\/de.eurolatino.eu\/wp-content\/uploads\/2025\/03\/DOMOS-4-1-1024x682.jpg 1024w, https:\/\/de.eurolatino.eu\/wp-content\/uploads\/2025\/03\/DOMOS-4-1-300x200.jpg 300w, https:\/\/de.eurolatino.eu\/wp-content\/uploads\/2025\/03\/DOMOS-4-1-150x100.jpg 150w, https:\/\/de.eurolatino.eu\/wp-content\/uploads\/2025\/03\/DOMOS-4-1-768x512.jpg 768w, https:\/\/de.eurolatino.eu\/wp-content\/uploads\/2025\/03\/DOMOS-4-1-1536x1024.jpg 1536w, https:\/\/de.eurolatino.eu\/wp-content\/uploads\/2025\/03\/DOMOS-4-1-2048x1365.jpg 2048w\" sizes=\"(max-width: 1024px) 100vw, 1024px\" \/>\t\t\t\t\t\t\t\t<\/a>\n\t\t\t\t\t\t\t\t\t\t\t<figcaption class=\"widget-image-caption wp-caption-text\">LUXURI\u00d6SE ANDEN<br> Peru, Bolivien, Chile<br>16 Tage \/ 15 N\u00e4chte<\/figcaption>\n\t\t\t\t\t\t\t\t\t\t<\/figure>\n\t\t\t\t\t\t\t\t\t<\/div>\n\t\t\t\t<\/div>\n\t\t\t\t<\/div>\n\t\t<div class=\"elementor-element elementor-element-195fc72 e-con-full e-flex e-con e-child\" data-id=\"195fc72\" data-element_type=\"container\" data-e-type=\"container\">\n\t\t\t\t<div class=\"elementor-element elementor-element-78c1113 elementor-widget elementor-widget-image\" data-id=\"78c1113\" data-element_type=\"widget\" data-e-type=\"widget\" data-widget_type=\"image.default\">\n\t\t\t\t<div class=\"elementor-widget-container\">\n\t\t\t\t\t\t\t\t\t\t\t\t<figure class=\"wp-caption\">\n\t\t\t\t\t\t\t\t\t\t\t<a href=\"http:\/\/DAS%20PATAGONISCHE%20ABENTEUER%20IN%20CHILE%20UND%20ARGENTINIEN%2013%20Tage%20\/%2012%20N\u00e4chte\">\n\t\t\t\t\t\t\t<img loading=\"lazy\" decoding=\"async\" width=\"1024\" height=\"576\" src=\"https:\/\/de.eurolatino.eu\/wp-content\/uploads\/2025\/03\/Chile_6924515110_o-scaled-1-1024x576.jpg\" class=\"attachment-large size-large wp-image-6138\" alt=\"\" srcset=\"https:\/\/de.eurolatino.eu\/wp-content\/uploads\/2025\/03\/Chile_6924515110_o-scaled-1-1024x576.jpg 1024w, https:\/\/de.eurolatino.eu\/wp-content\/uploads\/2025\/03\/Chile_6924515110_o-scaled-1-300x169.jpg 300w, https:\/\/de.eurolatino.eu\/wp-content\/uploads\/2025\/03\/Chile_6924515110_o-scaled-1-150x84.jpg 150w, https:\/\/de.eurolatino.eu\/wp-content\/uploads\/2025\/03\/Chile_6924515110_o-scaled-1-768x432.jpg 768w, https:\/\/de.eurolatino.eu\/wp-content\/uploads\/2025\/03\/Chile_6924515110_o-scaled-1-1536x864.jpg 1536w, https:\/\/de.eurolatino.eu\/wp-content\/uploads\/2025\/03\/Chile_6924515110_o-scaled-1-2048x1152.jpg 2048w\" sizes=\"(max-width: 1024px) 100vw, 1024px\" \/>\t\t\t\t\t\t\t\t<\/a>\n\t\t\t\t\t\t\t\t\t\t\t<figcaption class=\"widget-image-caption wp-caption-text\">DAS PATAGONISCHE ABENTEUER<br> IN CHILE UND ARGENTINIEN<br> 13 Tage \/ 12 N\u00e4chte<\/figcaption>\n\t\t\t\t\t\t\t\t\t\t<\/figure>\n\t\t\t\t\t\t\t\t\t<\/div>\n\t\t\t\t<\/div>\n\t\t\t\t<\/div>\n\t\t<div class=\"elementor-element elementor-element-de6b612 e-con-full e-flex e-con e-child\" data-id=\"de6b612\" data-element_type=\"container\" data-e-type=\"container\">\n\t\t\t\t<div class=\"elementor-element elementor-element-753bc30 elementor-widget elementor-widget-image\" data-id=\"753bc30\" data-element_type=\"widget\" data-e-type=\"widget\" data-widget_type=\"image.default\">\n\t\t\t\t<div class=\"elementor-widget-container\">\n\t\t\t\t\t\t\t\t\t\t\t\t<figure class=\"wp-caption\">\n\t\t\t\t\t\t\t\t\t\t\t<a href=\"https:\/\/de.eurolatino.eu\/wp-content\/uploads\/2026\/04\/2636-SAD-ROMANTIC-HONEYMOON-ECUADOR.pdf\">\n\t\t\t\t\t\t\t<img loading=\"lazy\" decoding=\"async\" width=\"1024\" height=\"684\" src=\"https:\/\/de.eurolatino.eu\/wp-content\/uploads\/2026\/04\/Edit-104-1024x684.jpg\" class=\"attachment-large size-large wp-image-8047\" alt=\"\" srcset=\"https:\/\/de.eurolatino.eu\/wp-content\/uploads\/2026\/04\/Edit-104-1024x684.jpg 1024w, https:\/\/de.eurolatino.eu\/wp-content\/uploads\/2026\/04\/Edit-104-300x200.jpg 300w, https:\/\/de.eurolatino.eu\/wp-content\/uploads\/2026\/04\/Edit-104-150x100.jpg 150w, https:\/\/de.eurolatino.eu\/wp-content\/uploads\/2026\/04\/Edit-104-768x513.jpg 768w, https:\/\/de.eurolatino.eu\/wp-content\/uploads\/2026\/04\/Edit-104-1536x1026.jpg 1536w, https:\/\/de.eurolatino.eu\/wp-content\/uploads\/2026\/04\/Edit-104-2048x1368.jpg 2048w\" sizes=\"(max-width: 1024px) 100vw, 1024px\" \/>\t\t\t\t\t\t\t\t<\/a>\n\t\t\t\t\t\t\t\t\t\t\t<figcaption class=\"widget-image-caption wp-caption-text\">ROMANTISCHE FLITTERWOCHE<BR> IN EKUADOR<BR>9 Tage\/8 N\u00e4chte<\/figcaption>\n\t\t\t\t\t\t\t\t\t\t<\/figure>\n\t\t\t\t\t\t\t\t\t<\/div>\n\t\t\t\t<\/div>\n\t\t\t\t<\/div>\n\t\t\t\t\t<\/div>\n\t\t\t\t<\/div>\n\t\t<div class=\"elementor-element elementor-element-671e82a e-flex e-con-boxed e-con e-parent\" data-id=\"671e82a\" data-element_type=\"container\" data-e-type=\"container\">\n\t\t\t\t\t<div class=\"e-con-inner\">\n\t\t<div class=\"elementor-element elementor-element-56fec7e e-con-full e-flex e-con e-child\" data-id=\"56fec7e\" data-element_type=\"container\" data-e-type=\"container\">\n\t\t\t\t<div class=\"elementor-element elementor-element-134be9a elementor-widget__width-initial elementor-widget elementor-widget-image\" data-id=\"134be9a\" data-element_type=\"widget\" data-e-type=\"widget\" data-widget_type=\"image.default\">\n\t\t\t\t<div class=\"elementor-widget-container\">\n\t\t\t\t\t\t\t\t\t\t\t\t<figure class=\"wp-caption\">\n\t\t\t\t\t\t\t\t\t\t\t<a href=\"https:\/\/de.eurolatino.eu\/wp-content\/uploads\/2026\/04\/SAD-2650-BOLIVIAN-HIGH-ALTITUDE-WINES-TOUR-Deutsch.pdf\">\n\t\t\t\t\t\t\t<img loading=\"lazy\" decoding=\"async\" width=\"1024\" height=\"768\" src=\"https:\/\/de.eurolatino.eu\/wp-content\/uploads\/2025\/04\/5ad460df-22be-46e6-8991-360f31366fff-1024x768.jpg\" class=\"attachment-large size-large wp-image-6583\" alt=\"\" srcset=\"https:\/\/de.eurolatino.eu\/wp-content\/uploads\/2025\/04\/5ad460df-22be-46e6-8991-360f31366fff-1024x768.jpg 1024w, https:\/\/de.eurolatino.eu\/wp-content\/uploads\/2025\/04\/5ad460df-22be-46e6-8991-360f31366fff-300x225.jpg 300w, https:\/\/de.eurolatino.eu\/wp-content\/uploads\/2025\/04\/5ad460df-22be-46e6-8991-360f31366fff-150x113.jpg 150w, https:\/\/de.eurolatino.eu\/wp-content\/uploads\/2025\/04\/5ad460df-22be-46e6-8991-360f31366fff-768x576.jpg 768w, https:\/\/de.eurolatino.eu\/wp-content\/uploads\/2025\/04\/5ad460df-22be-46e6-8991-360f31366fff-1536x1152.jpg 1536w, https:\/\/de.eurolatino.eu\/wp-content\/uploads\/2025\/04\/5ad460df-22be-46e6-8991-360f31366fff.jpg 1600w\" sizes=\"(max-width: 1024px) 100vw, 1024px\" \/>\t\t\t\t\t\t\t\t<\/a>\n\t\t\t\t\t\t\t\t\t\t\t<figcaption class=\"widget-image-caption wp-caption-text\">HOCHLAGENWEINE IN BOLIVIEN Entdecken Sie Tradition, Terroir und unvergessliche Landschaften<br> 11 Tage \/ 10 N\u00e4chte<\/figcaption>\n\t\t\t\t\t\t\t\t\t\t<\/figure>\n\t\t\t\t\t\t\t\t\t<\/div>\n\t\t\t\t<\/div>\n\t\t\t\t<\/div>\n\t\t<div class=\"elementor-element elementor-element-c33d433 e-con-full e-flex e-con e-child\" data-id=\"c33d433\" data-element_type=\"container\" data-e-type=\"container\">\n\t\t\t\t<div class=\"elementor-element elementor-element-4875fb8 elementor-widget elementor-widget-image\" data-id=\"4875fb8\" data-element_type=\"widget\" data-e-type=\"widget\" data-widget_type=\"image.default\">\n\t\t\t\t<div class=\"elementor-widget-container\">\n\t\t\t\t\t\t\t\t\t\t\t\t<figure class=\"wp-caption\">\n\t\t\t\t\t\t\t\t\t\t\t<a href=\"https:\/\/de.eurolatino.eu\/wp-content\/uploads\/2026\/04\/2601-SAD-GROSSE-SUeDAMERIKANSCHE-RUNDREISE.pdf\">\n\t\t\t\t\t\t\t<img loading=\"lazy\" decoding=\"async\" width=\"960\" height=\"614\" src=\"https:\/\/de.eurolatino.eu\/wp-content\/uploads\/2023\/02\/AN-Carnaval-Rio-3.jpg\" class=\"attachment-large size-large wp-image-4533\" alt=\"\" srcset=\"https:\/\/de.eurolatino.eu\/wp-content\/uploads\/2023\/02\/AN-Carnaval-Rio-3.jpg 960w, https:\/\/de.eurolatino.eu\/wp-content\/uploads\/2023\/02\/AN-Carnaval-Rio-3-300x192.jpg 300w, https:\/\/de.eurolatino.eu\/wp-content\/uploads\/2023\/02\/AN-Carnaval-Rio-3-150x96.jpg 150w, https:\/\/de.eurolatino.eu\/wp-content\/uploads\/2023\/02\/AN-Carnaval-Rio-3-768x491.jpg 768w\" sizes=\"(max-width: 960px) 100vw, 960px\" \/>\t\t\t\t\t\t\t\t<\/a>\n\t\t\t\t\t\t\t\t\t\t\t<figcaption class=\"widget-image-caption wp-caption-text\">DIE GROSSE S\u00dcDAMERIKANISCHE RUNDREISE<BR> 21 Tage\/20 N\u00e4chte<\/figcaption>\n\t\t\t\t\t\t\t\t\t\t<\/figure>\n\t\t\t\t\t\t\t\t\t<\/div>\n\t\t\t\t<\/div>\n\t\t\t\t<\/div>\n\t\t<div class=\"elementor-element elementor-element-417ccb6 e-con-full e-flex e-con e-child\" data-id=\"417ccb6\" data-element_type=\"container\" data-e-type=\"container\">\n\t\t\t\t<div class=\"elementor-element elementor-element-d9a1310 elementor-widget elementor-widget-image\" data-id=\"d9a1310\" data-element_type=\"widget\" data-e-type=\"widget\" data-widget_type=\"image.default\">\n\t\t\t\t<div class=\"elementor-widget-container\">\n\t\t\t\t\t\t\t\t\t\t\t\t<figure class=\"wp-caption\">\n\t\t\t\t\t\t\t\t\t\t\t<a href=\"https:\/\/de.eurolatino.eu\/wp-content\/uploads\/2026\/04\/2603-EUD-IMPERIAL-EUROPE-BY-TRAIN.pdf\">\n\t\t\t\t\t\t\t<img loading=\"lazy\" decoding=\"async\" width=\"1024\" height=\"670\" src=\"https:\/\/de.eurolatino.eu\/wp-content\/uploads\/2021\/10\/32409599055_7808d26308_o-1024x670.jpg\" class=\"attachment-large size-large wp-image-1730\" alt=\"\" srcset=\"https:\/\/de.eurolatino.eu\/wp-content\/uploads\/2021\/10\/32409599055_7808d26308_o-1024x670.jpg 1024w, https:\/\/de.eurolatino.eu\/wp-content\/uploads\/2021\/10\/32409599055_7808d26308_o-300x196.jpg 300w, https:\/\/de.eurolatino.eu\/wp-content\/uploads\/2021\/10\/32409599055_7808d26308_o-768x503.jpg 768w, https:\/\/de.eurolatino.eu\/wp-content\/uploads\/2021\/10\/32409599055_7808d26308_o-1536x1006.jpg 1536w, https:\/\/de.eurolatino.eu\/wp-content\/uploads\/2021\/10\/32409599055_7808d26308_o-2048x1341.jpg 2048w, https:\/\/de.eurolatino.eu\/wp-content\/uploads\/2021\/10\/32409599055_7808d26308_o-800x524.jpg 800w\" sizes=\"(max-width: 1024px) 100vw, 1024px\" \/>\t\t\t\t\t\t\t\t<\/a>\n\t\t\t\t\t\t\t\t\t\t\t<figcaption class=\"widget-image-caption wp-caption-text\">IMPERIALES EUROPA MIT DEM ZUG<br> 22 Tage \/ 21 N\u00e4chte<\/figcaption>\n\t\t\t\t\t\t\t\t\t\t<\/figure>\n\t\t\t\t\t\t\t\t\t<\/div>\n\t\t\t\t<\/div>\n\t\t\t\t<\/div>\n\t\t\t\t\t<\/div>\n\t\t\t\t<\/div>\n\t\t\t\t<\/div>\n\t\t","protected":false},"excerpt":{"rendered":"<p>BEST-SELLERS 2026 DIE ENGLAND &#8211; SCHOTTLAND TOUR 09 Tage \/ 08 N\u00e4chte GRIECHENLAND F\u00dcR KOSMOPOLITE11 Tage &#8211; 10 N\u00e4chte SCH\u00c4TZE DER T\u00dcRKEI 12 Tage \/ 11 N\u00e4chte LUXURI\u00d6SE ANDEN Peru, Bolivien, Chile16 Tage \/ 15 N\u00e4chte DAS PATAGONISCHE ABENTEUER IN CHILE UND ARGENTINIEN 13 Tage \/ 12 N\u00e4chte ROMANTISCHE FLITTERWOCHE IN EKUADOR9 Tage\/8 N\u00e4chte HOCHLAGENWEINE&#8230;<\/p>\n","protected":false},"author":1,"featured_media":0,"parent":0,"menu_order":0,"comment_status":"closed","ping_status":"closed","template":"","meta":{"_kad_post_transparent":"","_kad_post_title":"hide","_kad_post_layout":"fullwidth","_kad_post_sidebar_id":"","_kad_post_content_style":"unboxed","_kad_post_vertical_padding":"hide","_kad_post_feature":"hide","_kad_post_feature_position":"","_kad_post_header":false,"_kad_post_footer":false,"_kad_post_classname":"","_glsr_average":0,"_glsr_ranking":0,"_glsr_reviews":0,"footnotes":""},"class_list":["post-5958","page","type-page","status-publish","hentry"],"_links":{"self":[{"href":"https:\/\/de.eurolatino.eu\/index.php?rest_route=\/wp\/v2\/pages\/5958","targetHints":{"allow":["GET"]}}],"collection":[{"href":"https:\/\/de.eurolatino.eu\/index.php?rest_route=\/wp\/v2\/pages"}],"about":[{"href":"https:\/\/de.eurolatino.eu\/index.php?rest_route=\/wp\/v2\/types\/page"}],"author":[{"embeddable":true,"href":"https:\/\/de.eurolatino.eu\/index.php?rest_route=\/wp\/v2\/users\/1"}],"replies":[{"embeddable":true,"href":"https:\/\/de.eurolatino.eu\/index.php?rest_route=%2Fwp%2Fv2%2Fcomments&post=5958"}],"version-history":[{"count":120,"href":"https:\/\/de.eurolatino.eu\/index.php?rest_route=\/wp\/v2\/pages\/5958\/revisions"}],"predecessor-version":[{"id":8095,"href":"https:\/\/de.eurolatino.eu\/index.php?rest_route=\/wp\/v2\/pages\/5958\/revisions\/8095"}],"wp:attachment":[{"href":"https:\/\/de.eurolatino.eu\/index.php?rest_route=%2Fwp%2Fv2%2Fmedia&parent=5958"}],"curies":[{"name":"wp","href":"https:\/\/api.w.org\/{rel}","templated":true}]}}