{"id":46,"date":"2021-05-19T16:47:24","date_gmt":"2021-05-19T16:47:24","guid":{"rendered":"http:\/\/de.eurolatino.eu\/?page_id=46"},"modified":"2025-04-02T17:25:36","modified_gmt":"2025-04-02T17:25:36","slug":"ihre-traumreise","status":"publish","type":"page","link":"https:\/\/de.eurolatino.eu\/?page_id=46","title":{"rendered":"TRAUMREISE"},"content":{"rendered":"\t\t<div data-elementor-type=\"wp-page\" data-elementor-id=\"46\" class=\"elementor elementor-46\" data-elementor-post-type=\"page\">\n\t\t\t\t\t\t<section class=\"elementor-section elementor-top-section elementor-element elementor-element-cb16d6f elementor-section-boxed elementor-section-height-default elementor-section-height-default\" data-id=\"cb16d6f\" data-element_type=\"section\" data-e-type=\"section\">\n\t\t\t\t\t\t<div class=\"elementor-container elementor-column-gap-default\">\n\t\t\t\t\t<div class=\"elementor-column elementor-col-100 elementor-top-column elementor-element elementor-element-8e488fc\" data-id=\"8e488fc\" data-element_type=\"column\" data-e-type=\"column\">\n\t\t\t<div class=\"elementor-widget-wrap elementor-element-populated\">\n\t\t\t\t\t\t<div class=\"elementor-element elementor-element-1c87177 elementor-widget elementor-widget-heading\" data-id=\"1c87177\" data-element_type=\"widget\" data-e-type=\"widget\" data-widget_type=\"heading.default\">\n\t\t\t\t<div class=\"elementor-widget-container\">\n\t\t\t\t\t<h2 class=\"elementor-heading-title elementor-size-default\">\"IHRE TRAUMREISE \u2013 individuell f\u00fcr Sie geplant!\"<\/h2>\t\t\t\t<\/div>\n\t\t\t\t<\/div>\n\t\t\t\t\t<\/div>\n\t\t<\/div>\n\t\t\t\t\t<\/div>\n\t\t<\/section>\n\t\t\t\t<section class=\"elementor-section elementor-top-section elementor-element elementor-element-f73cbbb elementor-section-boxed elementor-section-height-default elementor-section-height-default\" data-id=\"f73cbbb\" data-element_type=\"section\" data-e-type=\"section\">\n\t\t\t\t\t\t<div class=\"elementor-container elementor-column-gap-default\">\n\t\t\t\t\t<div class=\"elementor-column elementor-col-33 elementor-top-column elementor-element elementor-element-9187987\" data-id=\"9187987\" data-element_type=\"column\" data-e-type=\"column\">\n\t\t\t<div class=\"elementor-widget-wrap elementor-element-populated\">\n\t\t\t\t\t\t<div class=\"elementor-element elementor-element-d8bf447 elementor-cta--layout-image-above elementor-cta--skin-classic elementor-animated-content elementor-bg-transform elementor-bg-transform-zoom-in elementor-widget elementor-widget-call-to-action\" data-id=\"d8bf447\" data-element_type=\"widget\" data-e-type=\"widget\" data-widget_type=\"call-to-action.default\">\n\t\t\t\t<div class=\"elementor-widget-container\">\n\t\t\t\t\t\t\t<div class=\"elementor-cta\">\n\t\t\t\t\t<div class=\"elementor-cta__bg-wrapper\">\n\t\t\t\t<div class=\"elementor-cta__bg elementor-bg\" style=\"background-image: url(https:\/\/de.eurolatino.eu\/wp-content\/uploads\/2025\/03\/2021.11.04-Rovaniemi-Santa-Claus-Village-39-1024x684.jpg);\" role=\"img\" aria-label=\"2021.11.04 Rovaniemi Santa Claus Village (39)\"><\/div>\n\t\t\t\t<div class=\"elementor-cta__bg-overlay\"><\/div>\n\t\t\t<\/div>\n\t\t\t\t\t\t\t<div class=\"elementor-cta__content\">\n\t\t\t\t\n\t\t\t\t\t\t\t\t\t<h3 class=\"elementor-cta__title elementor-cta__content-item elementor-content-item\">\n\t\t\t\t\t\tFINNLAND - NORDLICHTER UND DER WEINACHTSMANN\t\t\t\t\t<\/h3>\n\t\t\t\t\n\t\t\t\t\t\t\t\t\t<div class=\"elementor-cta__description elementor-cta__content-item elementor-content-item\">\n\t\t\t\t\t\tErleben Sie das Nordlicht in Finnland \u2013 einem wirtschaftsstarken, korruptionsarmen Land und einem der bedeutendsten Reiseziele Nordeuropas. Im winterlichen Lappland lockt Rovaniemi, nahe dem Polarkreis und Heimat des ber\u00fchmten Weihnachtsmann-Hauses, mit spannenden Abenteuern: Husky-Schlittensafari, Rentierschlittenfahrt, Besuch des Ranua Arctic Zoos und Europas l\u00e4ngste Rodel. Ein freier Tag erm\u00f6glicht Aktivit\u00e4ten wie Schneeschuhlaufen, Snowmobilfahren oder einen Saunagang. Unsere erfahrenen Guides f\u00fchren Sie t\u00e4glich zu den besten Pl\u00e4tzen, um das spektakul\u00e4re Nordlicht hautnah zu erleben. Den kr\u00f6nenden Abschluss bildet ein Besuch in Helsinki mit Senatsplatz und der Festung Suomenlinna.\n\t\t\t\t\t<\/div>\n\t\t\t\t\n\t\t\t\t\t\t\t<\/div>\n\t\t\t\t\t\t<\/div>\n\t\t\t\t\t\t<\/div>\n\t\t\t\t<\/div>\n\t\t\t\t\t<\/div>\n\t\t<\/div>\n\t\t\t\t<div class=\"elementor-column elementor-col-33 elementor-top-column elementor-element elementor-element-db0690c\" data-id=\"db0690c\" data-element_type=\"column\" data-e-type=\"column\">\n\t\t\t<div class=\"elementor-widget-wrap elementor-element-populated\">\n\t\t\t\t\t\t<div class=\"elementor-element elementor-element-0448250 elementor-cta--skin-classic elementor-animated-content elementor-bg-transform elementor-bg-transform-zoom-in elementor-widget elementor-widget-call-to-action\" data-id=\"0448250\" data-element_type=\"widget\" data-e-type=\"widget\" data-widget_type=\"call-to-action.default\">\n\t\t\t\t<div class=\"elementor-widget-container\">\n\t\t\t\t\t\t\t<div class=\"elementor-cta\">\n\t\t\t\t\t<div class=\"elementor-cta__bg-wrapper\">\n\t\t\t\t<div class=\"elementor-cta__bg elementor-bg\" style=\"background-image: url(https:\/\/de.eurolatino.eu\/wp-content\/uploads\/2021\/08\/HIGHLANDS-Castillo-Eilean-Donan-1.jpg);\" role=\"img\" aria-label=\"HIGHLANDS Castillo Eilean Donan\"><\/div>\n\t\t\t\t<div class=\"elementor-cta__bg-overlay\"><\/div>\n\t\t\t<\/div>\n\t\t\t\t\t\t\t<div class=\"elementor-cta__content\">\n\t\t\t\t\n\t\t\t\t\t\t\t\t\t<h3 class=\"elementor-cta__title elementor-cta__content-item elementor-content-item\">\n\t\t\t\t\t\tSCHOTTLAND GESCHICHTE UND TRADITION\t\t\t\t\t<\/h3>\n\t\t\t\t\n\t\t\t\t\t\t\t\t\t<div class=\"elementor-cta__description elementor-cta__content-item elementor-content-item\">\n\t\t\t\t\t\t\"Wir sind ein einzigartiges Land.\" Schottland verleiht diesem Begriff eine besondere Bedeutung: Erlebnisse, die ein Leben lang in Erinnerung bleiben. Beginnen Sie in Edinburgh und entdecken Sie rustikale D\u00f6rfer, charmante St\u00e4dte und eine spektakul\u00e4re K\u00fcste. Die Highlands \u00fcberraschen mit reicher Geschichte und weltbekannten Attraktionen wie Loch Ness, Ben Nevis und der North Coast 500 \u2013 erg\u00e4nzt durch erstklassigen Malz-Whiskey und exquisite K\u00fcche. Inverness, das Herz der Highlands, ist der ideale Ausgangspunkt, um Schottlands weitere Sch\u00e4tze wie Skye, Eilean Donan Castle, Stirling Castle, die Kelpies und zahlreiche Whiskybrennereien zu erkunden. Diese Reise wird Sie unvergesslich ber\u00fchren \u2013 Sie werden garantiert wiederkommen wollen.\n\n\n\n\n\n\n\n\n\t\t\t\t\t<\/div>\n\t\t\t\t\n\t\t\t\t\t\t\t<\/div>\n\t\t\t\t\t\t<\/div>\n\t\t\t\t\t\t<\/div>\n\t\t\t\t<\/div>\n\t\t\t\t\t<\/div>\n\t\t<\/div>\n\t\t\t\t<div class=\"elementor-column elementor-col-33 elementor-top-column elementor-element elementor-element-58184a8\" data-id=\"58184a8\" data-element_type=\"column\" data-e-type=\"column\">\n\t\t\t<div class=\"elementor-widget-wrap elementor-element-populated\">\n\t\t\t\t\t\t<div class=\"elementor-element elementor-element-638777c elementor-cta--skin-classic elementor-animated-content elementor-bg-transform elementor-bg-transform-zoom-in elementor-widget elementor-widget-call-to-action\" data-id=\"638777c\" data-element_type=\"widget\" data-e-type=\"widget\" data-widget_type=\"call-to-action.default\">\n\t\t\t\t<div class=\"elementor-widget-container\">\n\t\t\t\t\t\t\t<div class=\"elementor-cta\">\n\t\t\t\t\t<div class=\"elementor-cta__bg-wrapper\">\n\t\t\t\t<div class=\"elementor-cta__bg elementor-bg\" style=\"background-image: url(https:\/\/de.eurolatino.eu\/wp-content\/uploads\/2021\/05\/Bild1.jpggrecia.jpg);\" role=\"img\" aria-label=\"Bild1.jpggrecia\"><\/div>\n\t\t\t\t<div class=\"elementor-cta__bg-overlay\"><\/div>\n\t\t\t<\/div>\n\t\t\t\t\t\t\t<div class=\"elementor-cta__content\">\n\t\t\t\t\n\t\t\t\t\t\t\t\t\t<h2 class=\"elementor-cta__title elementor-cta__content-item elementor-content-item\">\n\t\t\t\t\t\tGRIECHENLAND F\u00dcR KOSMOPOLITEN\t\t\t\t\t<\/h2>\n\t\t\t\t\n\t\t\t\t\t\t\t\t\t<div class=\"elementor-cta__description elementor-cta__content-item elementor-content-item\">\n\t\t\t\t\t\tErlebe Griechenland, wo Geschichte, Mythologie und beeindruckende Landschaften verschmelzen. Starte in Athen mit der legend\u00e4ren Akropolis, erkunde die malerischen Inseln Hydra, Poros und \u00c4gina und genie\u00dfe das kosmopolitische Flair von Mykonos. Lass dich von Santorins postkartenreifen Aussichten, Delphis antikem Erbe, Korinths Ruinen und der atemberaubenden Ruhe von Meteora begeistern. Genie\u00dfe luxuri\u00f6se Unterk\u00fcnfte, fachkundige F\u00fchrungen und die exquisiten Aromen der griechischen K\u00fcche \u2013 dein unvergessliches Abenteuer wartet!\t\t\t\t\t<\/div>\n\t\t\t\t\n\t\t\t\t\t\t\t<\/div>\n\t\t\t\t\t\t<\/div>\n\t\t\t\t\t\t<\/div>\n\t\t\t\t<\/div>\n\t\t\t\t\t<\/div>\n\t\t<\/div>\n\t\t\t\t\t<\/div>\n\t\t<\/section>\n\t\t\t\t<\/div>\n\t\t","protected":false},"excerpt":{"rendered":"<p>&#8222;IHRE TRAUMREISE \u2013 individuell f\u00fcr Sie geplant!&#8220; FINNLAND &#8211; NORDLICHTER UND DER WEINACHTSMANN Erleben Sie das Nordlicht in Finnland \u2013 einem wirtschaftsstarken, korruptionsarmen Land und einem der bedeutendsten Reiseziele Nordeuropas. Im winterlichen Lappland lockt Rovaniemi, nahe dem Polarkreis und Heimat des ber\u00fchmten Weihnachtsmann-Hauses, mit spannenden Abenteuern: Husky-Schlittensafari, Rentierschlittenfahrt, Besuch des Ranua Arctic Zoos und Europas&#8230;<\/p>\n","protected":false},"author":1,"featured_media":0,"parent":0,"menu_order":0,"comment_status":"closed","ping_status":"closed","template":"","meta":{"_kad_post_transparent":"","_kad_post_title":"","_kad_post_layout":"","_kad_post_sidebar_id":"","_kad_post_content_style":"","_kad_post_vertical_padding":"","_kad_post_feature":"","_kad_post_feature_position":"","_kad_post_header":false,"_kad_post_footer":false,"_kad_post_classname":"","_glsr_average":0,"_glsr_ranking":0,"_glsr_reviews":0,"footnotes":""},"class_list":["post-46","page","type-page","status-publish","hentry"],"_links":{"self":[{"href":"https:\/\/de.eurolatino.eu\/index.php?rest_route=\/wp\/v2\/pages\/46","targetHints":{"allow":["GET"]}}],"collection":[{"href":"https:\/\/de.eurolatino.eu\/index.php?rest_route=\/wp\/v2\/pages"}],"about":[{"href":"https:\/\/de.eurolatino.eu\/index.php?rest_route=\/wp\/v2\/types\/page"}],"author":[{"embeddable":true,"href":"https:\/\/de.eurolatino.eu\/index.php?rest_route=\/wp\/v2\/users\/1"}],"replies":[{"embeddable":true,"href":"https:\/\/de.eurolatino.eu\/index.php?rest_route=%2Fwp%2Fv2%2Fcomments&post=46"}],"version-history":[{"count":238,"href":"https:\/\/de.eurolatino.eu\/index.php?rest_route=\/wp\/v2\/pages\/46\/revisions"}],"predecessor-version":[{"id":6708,"href":"https:\/\/de.eurolatino.eu\/index.php?rest_route=\/wp\/v2\/pages\/46\/revisions\/6708"}],"wp:attachment":[{"href":"https:\/\/de.eurolatino.eu\/index.php?rest_route=%2Fwp%2Fv2%2Fmedia&parent=46"}],"curies":[{"name":"wp","href":"https:\/\/api.w.org\/{rel}","templated":true}]}}