{"id":3722,"date":"2022-11-23T10:28:21","date_gmt":"2022-11-23T10:28:21","guid":{"rendered":"https:\/\/de.eurolatino.eu\/?page_id=3722"},"modified":"2025-03-02T22:59:23","modified_gmt":"2025-03-02T22:59:23","slug":"gruppenreisen-europa","status":"publish","type":"page","link":"https:\/\/de.eurolatino.eu\/?page_id=3722","title":{"rendered":"Gruppenreisen Europa"},"content":{"rendered":"\t\t<div data-elementor-type=\"wp-page\" data-elementor-id=\"3722\" class=\"elementor elementor-3722\" data-elementor-post-type=\"page\">\n\t\t\t\t\t\t<section class=\"elementor-section elementor-top-section elementor-element elementor-element-b275929 elementor-section-boxed elementor-section-height-default elementor-section-height-default\" data-id=\"b275929\" data-element_type=\"section\" data-e-type=\"section\">\n\t\t\t\t\t\t<div class=\"elementor-container elementor-column-gap-default\">\n\t\t\t\t\t<div class=\"elementor-column elementor-col-25 elementor-top-column elementor-element elementor-element-861696a\" data-id=\"861696a\" data-element_type=\"column\" data-e-type=\"column\">\n\t\t\t<div class=\"elementor-widget-wrap\">\n\t\t\t\t\t\t\t<\/div>\n\t\t<\/div>\n\t\t\t\t<div class=\"elementor-column elementor-col-50 elementor-top-column elementor-element elementor-element-47aa439\" data-id=\"47aa439\" data-element_type=\"column\" data-e-type=\"column\">\n\t\t\t<div class=\"elementor-widget-wrap elementor-element-populated\">\n\t\t\t\t\t\t<div class=\"elementor-element elementor-element-d31a9e0 elementor-widget elementor-widget-heading\" data-id=\"d31a9e0\" data-element_type=\"widget\" data-e-type=\"widget\" data-widget_type=\"heading.default\">\n\t\t\t\t<div class=\"elementor-widget-container\">\n\t\t\t\t\t<h2 class=\"elementor-heading-title elementor-size-default\">FESTE ABFAHRTEN F\u00dcR GRUPPEN<\/h2>\t\t\t\t<\/div>\n\t\t\t\t<\/div>\n\t\t\t\t\t<\/div>\n\t\t<\/div>\n\t\t\t\t<div class=\"elementor-column elementor-col-25 elementor-top-column elementor-element elementor-element-2c4b8ff\" data-id=\"2c4b8ff\" data-element_type=\"column\" data-e-type=\"column\">\n\t\t\t<div class=\"elementor-widget-wrap\">\n\t\t\t\t\t\t\t<\/div>\n\t\t<\/div>\n\t\t\t\t\t<\/div>\n\t\t<\/section>\n\t\t\t\t<section class=\"elementor-section elementor-top-section elementor-element elementor-element-8342317 elementor-section-boxed elementor-section-height-default elementor-section-height-default\" data-id=\"8342317\" data-element_type=\"section\" data-e-type=\"section\">\n\t\t\t\t\t\t<div class=\"elementor-container elementor-column-gap-default\">\n\t\t\t\t\t<div class=\"elementor-column elementor-col-33 elementor-top-column elementor-element elementor-element-645d378\" data-id=\"645d378\" data-element_type=\"column\" data-e-type=\"column\">\n\t\t\t<div class=\"elementor-widget-wrap elementor-element-populated\">\n\t\t\t\t\t\t<div class=\"elementor-element elementor-element-ab88ab7 elementor-invisible elementor-widget elementor-widget-image\" data-id=\"ab88ab7\" data-element_type=\"widget\" data-e-type=\"widget\" data-settings=\"{&quot;_animation&quot;:&quot;rotateInDownLeft&quot;}\" data-widget_type=\"image.default\">\n\t\t\t\t<div class=\"elementor-widget-container\">\n\t\t\t\t\t\t\t\t\t\t\t\t<figure class=\"wp-caption\">\n\t\t\t\t\t\t\t\t\t\t<img fetchpriority=\"high\" decoding=\"async\" width=\"1024\" height=\"670\" src=\"https:\/\/de.eurolatino.eu\/wp-content\/uploads\/2021\/08\/SEVILLA-Plaza-Espana-1-1024x670.jpg\" class=\"attachment-large size-large wp-image-379\" alt=\"\" srcset=\"https:\/\/de.eurolatino.eu\/wp-content\/uploads\/2021\/08\/SEVILLA-Plaza-Espana-1-1024x670.jpg 1024w, https:\/\/de.eurolatino.eu\/wp-content\/uploads\/2021\/08\/SEVILLA-Plaza-Espana-1-300x196.jpg 300w, https:\/\/de.eurolatino.eu\/wp-content\/uploads\/2021\/08\/SEVILLA-Plaza-Espana-1-768x503.jpg 768w, https:\/\/de.eurolatino.eu\/wp-content\/uploads\/2021\/08\/SEVILLA-Plaza-Espana-1-1536x1006.jpg 1536w, https:\/\/de.eurolatino.eu\/wp-content\/uploads\/2021\/08\/SEVILLA-Plaza-Espana-1-2048x1341.jpg 2048w, https:\/\/de.eurolatino.eu\/wp-content\/uploads\/2021\/08\/SEVILLA-Plaza-Espana-1-800x524.jpg 800w\" sizes=\"(max-width: 1024px) 100vw, 1024px\" \/>\t\t\t\t\t\t\t\t\t\t\t<figcaption class=\"widget-image-caption wp-caption-text\">ANDALUSIEN UND MAROKKO<BR>Zubucher-Rundreise<BR> 13 Tage\/12 N\u00e4chte<\/figcaption>\n\t\t\t\t\t\t\t\t\t\t<\/figure>\n\t\t\t\t\t\t\t\t\t<\/div>\n\t\t\t\t<\/div>\n\t\t\t\t\t<\/div>\n\t\t<\/div>\n\t\t\t\t<div class=\"elementor-column elementor-col-33 elementor-top-column elementor-element elementor-element-e4b4eb2\" data-id=\"e4b4eb2\" data-element_type=\"column\" data-e-type=\"column\">\n\t\t\t<div class=\"elementor-widget-wrap elementor-element-populated\">\n\t\t\t\t\t\t<div class=\"elementor-element elementor-element-9bebdb8 elementor-invisible elementor-widget elementor-widget-image\" data-id=\"9bebdb8\" data-element_type=\"widget\" data-e-type=\"widget\" data-settings=\"{&quot;_animation&quot;:&quot;rotateInUpRight&quot;}\" data-widget_type=\"image.default\">\n\t\t\t\t<div class=\"elementor-widget-container\">\n\t\t\t\t\t\t\t\t\t\t\t\t<figure class=\"wp-caption\">\n\t\t\t\t\t\t\t\t\t\t\t<a href=\"https:\/\/de.eurolatino.eu\/wp-content\/uploads\/2022\/11\/ESD-2101g-ANDALUSIEN-MED-KUSTE-MIT-BARCELONA-1.pdf\">\n\t\t\t\t\t\t\t<img decoding=\"async\" width=\"640\" height=\"430\" src=\"https:\/\/de.eurolatino.eu\/wp-content\/uploads\/2022\/11\/640px-Sagrada_Familia-WEB.jpg\" class=\"attachment-large size-large wp-image-3686\" alt=\"\" srcset=\"https:\/\/de.eurolatino.eu\/wp-content\/uploads\/2022\/11\/640px-Sagrada_Familia-WEB.jpg 640w, https:\/\/de.eurolatino.eu\/wp-content\/uploads\/2022\/11\/640px-Sagrada_Familia-WEB-300x202.jpg 300w, https:\/\/de.eurolatino.eu\/wp-content\/uploads\/2022\/11\/640px-Sagrada_Familia-WEB-150x101.jpg 150w\" sizes=\"(max-width: 640px) 100vw, 640px\" \/>\t\t\t\t\t\t\t\t<\/a>\n\t\t\t\t\t\t\t\t\t\t\t<figcaption class=\"widget-image-caption wp-caption-text\">ANDALUSIEN UND DIE MITTELMEERK\u00dcSTE<BR> Zubucher-Rundreise<BR>8 Tage\/7 N\u00e4chte<\/figcaption>\n\t\t\t\t\t\t\t\t\t\t<\/figure>\n\t\t\t\t\t\t\t\t\t<\/div>\n\t\t\t\t<\/div>\n\t\t\t\t\t<\/div>\n\t\t<\/div>\n\t\t\t\t<div class=\"elementor-column elementor-col-33 elementor-top-column elementor-element elementor-element-306d3b7\" data-id=\"306d3b7\" data-element_type=\"column\" data-e-type=\"column\">\n\t\t\t<div class=\"elementor-widget-wrap elementor-element-populated\">\n\t\t\t\t\t\t<div class=\"elementor-element elementor-element-161cd44 e-transform elementor-invisible elementor-widget elementor-widget-image\" data-id=\"161cd44\" data-element_type=\"widget\" data-e-type=\"widget\" data-settings=\"{&quot;_animation&quot;:&quot;rotateInDownLeft&quot;,&quot;_transform_skewX_effect&quot;:{&quot;unit&quot;:&quot;px&quot;,&quot;size&quot;:&quot;&quot;,&quot;sizes&quot;:[]},&quot;_transform_skewX_effect_tablet&quot;:{&quot;unit&quot;:&quot;deg&quot;,&quot;size&quot;:&quot;&quot;,&quot;sizes&quot;:[]},&quot;_transform_skewX_effect_mobile&quot;:{&quot;unit&quot;:&quot;deg&quot;,&quot;size&quot;:&quot;&quot;,&quot;sizes&quot;:[]},&quot;_transform_skewY_effect&quot;:{&quot;unit&quot;:&quot;px&quot;,&quot;size&quot;:&quot;&quot;,&quot;sizes&quot;:[]},&quot;_transform_skewY_effect_tablet&quot;:{&quot;unit&quot;:&quot;deg&quot;,&quot;size&quot;:&quot;&quot;,&quot;sizes&quot;:[]},&quot;_transform_skewY_effect_mobile&quot;:{&quot;unit&quot;:&quot;deg&quot;,&quot;size&quot;:&quot;&quot;,&quot;sizes&quot;:[]}}\" data-widget_type=\"image.default\">\n\t\t\t\t<div class=\"elementor-widget-container\">\n\t\t\t\t\t\t\t\t\t\t\t\t<figure class=\"wp-caption\">\n\t\t\t\t\t\t\t\t\t\t\t<a href=\"https:\/\/de.eurolatino.eu\/wp-content\/uploads\/2022\/11\/ESD-2112g-SPANIEN-UND-ITALIEN.pdf\">\n\t\t\t\t\t\t\t<img decoding=\"async\" width=\"1024\" height=\"667\" src=\"https:\/\/de.eurolatino.eu\/wp-content\/uploads\/2022\/11\/Sevilla-7-1024x667.jpg\" class=\"attachment-large size-large wp-image-3783\" alt=\"\" srcset=\"https:\/\/de.eurolatino.eu\/wp-content\/uploads\/2022\/11\/Sevilla-7-1024x667.jpg 1024w, https:\/\/de.eurolatino.eu\/wp-content\/uploads\/2022\/11\/Sevilla-7-300x195.jpg 300w, https:\/\/de.eurolatino.eu\/wp-content\/uploads\/2022\/11\/Sevilla-7-150x98.jpg 150w, https:\/\/de.eurolatino.eu\/wp-content\/uploads\/2022\/11\/Sevilla-7-768x500.jpg 768w, https:\/\/de.eurolatino.eu\/wp-content\/uploads\/2022\/11\/Sevilla-7-1536x1000.jpg 1536w, https:\/\/de.eurolatino.eu\/wp-content\/uploads\/2022\/11\/Sevilla-7-2048x1333.jpg 2048w\" sizes=\"(max-width: 1024px) 100vw, 1024px\" \/>\t\t\t\t\t\t\t\t<\/a>\n\t\t\t\t\t\t\t\t\t\t\t<figcaption class=\"widget-image-caption wp-caption-text\">SPANIEN UND ITALIEN <br>Andalusien, Mittelmeerk\u00fcste und klassisches Italien Zubucher-Rundreise (Bus + F\u00e4hre) 16 Tage\/15 N\u00e4chte<\/figcaption>\n\t\t\t\t\t\t\t\t\t\t<\/figure>\n\t\t\t\t\t\t\t\t\t<\/div>\n\t\t\t\t<\/div>\n\t\t\t\t\t<\/div>\n\t\t<\/div>\n\t\t\t\t\t<\/div>\n\t\t<\/section>\n\t\t\t\t<section class=\"elementor-section elementor-top-section elementor-element elementor-element-09481be elementor-section-boxed elementor-section-height-default elementor-section-height-default\" data-id=\"09481be\" data-element_type=\"section\" data-e-type=\"section\">\n\t\t\t\t\t\t<div class=\"elementor-container elementor-column-gap-default\">\n\t\t\t\t\t<div class=\"elementor-column elementor-col-33 elementor-top-column elementor-element elementor-element-ee4623f\" data-id=\"ee4623f\" data-element_type=\"column\" data-e-type=\"column\">\n\t\t\t<div class=\"elementor-widget-wrap elementor-element-populated\">\n\t\t\t\t\t\t<div class=\"elementor-element elementor-element-c83bb81 elementor-invisible elementor-widget elementor-widget-image\" data-id=\"c83bb81\" data-element_type=\"widget\" data-e-type=\"widget\" data-settings=\"{&quot;_animation&quot;:&quot;rotateInDownLeft&quot;}\" data-widget_type=\"image.default\">\n\t\t\t\t<div class=\"elementor-widget-container\">\n\t\t\t\t\t\t\t\t\t\t\t\t<figure class=\"wp-caption\">\n\t\t\t\t\t\t\t\t\t\t\t<a href=\"https:\/\/de.eurolatino.eu\/wp-content\/uploads\/2022\/11\/ESD-2102g-ANDALUSIEN-UND-RELAX-COSTA-DEL-SOL-1.pdf\">\n\t\t\t\t\t\t\t<img loading=\"lazy\" decoding=\"async\" width=\"1024\" height=\"682\" src=\"https:\/\/de.eurolatino.eu\/wp-content\/uploads\/2022\/11\/IMG_6595-1024x682.jpg\" class=\"attachment-large size-large wp-image-3781\" alt=\"\" srcset=\"https:\/\/de.eurolatino.eu\/wp-content\/uploads\/2022\/11\/IMG_6595-1024x682.jpg 1024w, https:\/\/de.eurolatino.eu\/wp-content\/uploads\/2022\/11\/IMG_6595-300x200.jpg 300w, https:\/\/de.eurolatino.eu\/wp-content\/uploads\/2022\/11\/IMG_6595-150x100.jpg 150w, https:\/\/de.eurolatino.eu\/wp-content\/uploads\/2022\/11\/IMG_6595-768x512.jpg 768w, https:\/\/de.eurolatino.eu\/wp-content\/uploads\/2022\/11\/IMG_6595-1536x1024.jpg 1536w, https:\/\/de.eurolatino.eu\/wp-content\/uploads\/2022\/11\/IMG_6595-2048x1365.jpg 2048w\" sizes=\"(max-width: 1024px) 100vw, 1024px\" \/>\t\t\t\t\t\t\t\t<\/a>\n\t\t\t\t\t\t\t\t\t\t\t<figcaption class=\"widget-image-caption wp-caption-text\">ANDALUSIEN UND ENTSPANNUNG AN DER COSTA DEL SOL<br> Zubucher-Rundreise<br> 9 Tage\/8 N\u00e4chte<\/figcaption>\n\t\t\t\t\t\t\t\t\t\t<\/figure>\n\t\t\t\t\t\t\t\t\t<\/div>\n\t\t\t\t<\/div>\n\t\t\t\t\t<\/div>\n\t\t<\/div>\n\t\t\t\t<div class=\"elementor-column elementor-col-33 elementor-top-column elementor-element elementor-element-668792c\" data-id=\"668792c\" data-element_type=\"column\" data-e-type=\"column\">\n\t\t\t<div class=\"elementor-widget-wrap elementor-element-populated\">\n\t\t\t\t\t\t<div class=\"elementor-element elementor-element-6472751 elementor-invisible elementor-widget elementor-widget-image\" data-id=\"6472751\" data-element_type=\"widget\" data-e-type=\"widget\" data-settings=\"{&quot;_animation&quot;:&quot;rotateInDownLeft&quot;}\" data-widget_type=\"image.default\">\n\t\t\t\t<div class=\"elementor-widget-container\">\n\t\t\t\t\t\t\t\t\t\t\t\t<figure class=\"wp-caption\">\n\t\t\t\t\t\t\t\t\t\t\t<a href=\"https:\/\/de.eurolatino.eu\/wp-content\/uploads\/2022\/11\/ESD-2108g-NORDSPANIEN-UND-GALIZIEN-1.pdf\">\n\t\t\t\t\t\t\t<img loading=\"lazy\" decoding=\"async\" width=\"1024\" height=\"683\" src=\"https:\/\/de.eurolatino.eu\/wp-content\/uploads\/2022\/11\/IMG_8585-1024x683.jpg\" class=\"attachment-large size-large wp-image-3777\" alt=\"\" srcset=\"https:\/\/de.eurolatino.eu\/wp-content\/uploads\/2022\/11\/IMG_8585-1024x683.jpg 1024w, https:\/\/de.eurolatino.eu\/wp-content\/uploads\/2022\/11\/IMG_8585-300x200.jpg 300w, https:\/\/de.eurolatino.eu\/wp-content\/uploads\/2022\/11\/IMG_8585-150x100.jpg 150w, https:\/\/de.eurolatino.eu\/wp-content\/uploads\/2022\/11\/IMG_8585-768x512.jpg 768w, https:\/\/de.eurolatino.eu\/wp-content\/uploads\/2022\/11\/IMG_8585-1536x1024.jpg 1536w, https:\/\/de.eurolatino.eu\/wp-content\/uploads\/2022\/11\/IMG_8585-2048x1365.jpg 2048w\" sizes=\"(max-width: 1024px) 100vw, 1024px\" \/>\t\t\t\t\t\t\t\t<\/a>\n\t\t\t\t\t\t\t\t\t\t\t<figcaption class=\"widget-image-caption wp-caption-text\">NORDSPANIEN UND GALIZIEN<br> Zubucher-Rundreise<br> 9 Tage\/8 N\u00e4chte<\/figcaption>\n\t\t\t\t\t\t\t\t\t\t<\/figure>\n\t\t\t\t\t\t\t\t\t<\/div>\n\t\t\t\t<\/div>\n\t\t\t\t\t<\/div>\n\t\t<\/div>\n\t\t\t\t<div class=\"elementor-column elementor-col-33 elementor-top-column elementor-element elementor-element-1b91868\" data-id=\"1b91868\" data-element_type=\"column\" data-e-type=\"column\">\n\t\t\t<div class=\"elementor-widget-wrap elementor-element-populated\">\n\t\t\t\t\t\t<div class=\"elementor-element elementor-element-43878b7 elementor-invisible elementor-widget elementor-widget-image\" data-id=\"43878b7\" data-element_type=\"widget\" data-e-type=\"widget\" data-settings=\"{&quot;_animation&quot;:&quot;rotateInDownLeft&quot;}\" data-widget_type=\"image.default\">\n\t\t\t\t<div class=\"elementor-widget-container\">\n\t\t\t\t\t\t\t\t\t\t\t\t<figure class=\"wp-caption\">\n\t\t\t\t\t\t\t\t\t\t\t<a href=\"https:\/\/de.eurolatino.eu\/wp-content\/uploads\/2022\/11\/ESD-2105g-PORTUGAL-UND-ANDALUSIEN.pdf\">\n\t\t\t\t\t\t\t<img decoding=\"async\" width=\"1024\" height=\"667\" src=\"https:\/\/de.eurolatino.eu\/wp-content\/uploads\/2022\/11\/Sevilla-7-1024x667.jpg\" class=\"attachment-large size-large wp-image-3783\" alt=\"\" srcset=\"https:\/\/de.eurolatino.eu\/wp-content\/uploads\/2022\/11\/Sevilla-7-1024x667.jpg 1024w, https:\/\/de.eurolatino.eu\/wp-content\/uploads\/2022\/11\/Sevilla-7-300x195.jpg 300w, https:\/\/de.eurolatino.eu\/wp-content\/uploads\/2022\/11\/Sevilla-7-150x98.jpg 150w, https:\/\/de.eurolatino.eu\/wp-content\/uploads\/2022\/11\/Sevilla-7-768x500.jpg 768w, https:\/\/de.eurolatino.eu\/wp-content\/uploads\/2022\/11\/Sevilla-7-1536x1000.jpg 1536w, https:\/\/de.eurolatino.eu\/wp-content\/uploads\/2022\/11\/Sevilla-7-2048x1333.jpg 2048w\" sizes=\"(max-width: 1024px) 100vw, 1024px\" \/>\t\t\t\t\t\t\t\t<\/a>\n\t\t\t\t\t\t\t\t\t\t\t<figcaption class=\"widget-image-caption wp-caption-text\">PORTUGAL UND ANDALUSIEN Zubucher-Rundreise <br>12 Tage\/11 N\u00e4chte<\/figcaption>\n\t\t\t\t\t\t\t\t\t\t<\/figure>\n\t\t\t\t\t\t\t\t\t<\/div>\n\t\t\t\t<\/div>\n\t\t\t\t\t<\/div>\n\t\t<\/div>\n\t\t\t\t\t<\/div>\n\t\t<\/section>\n\t\t\t\t<\/div>\n\t\t","protected":false},"excerpt":{"rendered":"<p>FESTE ABFAHRTEN F\u00dcR GRUPPEN ANDALUSIEN UND MAROKKOZubucher-Rundreise 13 Tage\/12 N\u00e4chte ANDALUSIEN UND DIE MITTELMEERK\u00dcSTE Zubucher-Rundreise8 Tage\/7 N\u00e4chte SPANIEN UND ITALIEN Andalusien, Mittelmeerk\u00fcste und klassisches Italien Zubucher-Rundreise (Bus + F\u00e4hre) 16 Tage\/15 N\u00e4chte ANDALUSIEN UND ENTSPANNUNG AN DER COSTA DEL SOL Zubucher-Rundreise 9 Tage\/8 N\u00e4chte NORDSPANIEN UND GALIZIEN Zubucher-Rundreise 9 Tage\/8 N\u00e4chte PORTUGAL UND ANDALUSIEN Zubucher-Rundreise&#8230;<\/p>\n","protected":false},"author":1,"featured_media":0,"parent":0,"menu_order":0,"comment_status":"closed","ping_status":"closed","template":"","meta":{"_kad_post_transparent":"","_kad_post_title":"hide","_kad_post_layout":"fullwidth","_kad_post_sidebar_id":"","_kad_post_content_style":"unboxed","_kad_post_vertical_padding":"hide","_kad_post_feature":"hide","_kad_post_feature_position":"","_kad_post_header":false,"_kad_post_footer":false,"_kad_post_classname":"","_glsr_average":0,"_glsr_ranking":0,"_glsr_reviews":0,"footnotes":""},"class_list":["post-3722","page","type-page","status-publish","hentry"],"_links":{"self":[{"href":"https:\/\/de.eurolatino.eu\/index.php?rest_route=\/wp\/v2\/pages\/3722","targetHints":{"allow":["GET"]}}],"collection":[{"href":"https:\/\/de.eurolatino.eu\/index.php?rest_route=\/wp\/v2\/pages"}],"about":[{"href":"https:\/\/de.eurolatino.eu\/index.php?rest_route=\/wp\/v2\/types\/page"}],"author":[{"embeddable":true,"href":"https:\/\/de.eurolatino.eu\/index.php?rest_route=\/wp\/v2\/users\/1"}],"replies":[{"embeddable":true,"href":"https:\/\/de.eurolatino.eu\/index.php?rest_route=%2Fwp%2Fv2%2Fcomments&post=3722"}],"version-history":[{"count":70,"href":"https:\/\/de.eurolatino.eu\/index.php?rest_route=\/wp\/v2\/pages\/3722\/revisions"}],"predecessor-version":[{"id":6004,"href":"https:\/\/de.eurolatino.eu\/index.php?rest_route=\/wp\/v2\/pages\/3722\/revisions\/6004"}],"wp:attachment":[{"href":"https:\/\/de.eurolatino.eu\/index.php?rest_route=%2Fwp%2Fv2%2Fmedia&parent=3722"}],"curies":[{"name":"wp","href":"https:\/\/api.w.org\/{rel}","templated":true}]}}